{"id":9562,"date":"2026-03-25T13:03:59","date_gmt":"2026-03-25T12:03:59","guid":{"rendered":"https:\/\/nockebyhovsblommor.se\/?post_type=product&#038;p=9562"},"modified":"2026-03-25T13:09:26","modified_gmt":"2026-03-25T12:09:26","slug":"hjarta-rosor","status":"publish","type":"product","link":"https:\/\/nockebyhovsblommor.se\/en\/product\/hjarta-rosor\/","title":{"rendered":"Heart of roses"},"content":{"rendered":"","protected":false},"excerpt":{"rendered":"<p class=\"font-claude-response-body break-words whitespace-normal leading-[1.7]\">Vi v\u00e4ljer blommor efter ditt f\u00e4rgval och s\u00e4song. Kontakta oss om andra f\u00e4rger och \u00f6nskem\u00e5l.<\/p>\n","protected":false},"featured_media":6357,"template":"","meta":[],"product_brand":[173],"product_cat":[85],"product_tag":[],"class_list":{"0":"post-9562","1":"product","2":"type-product","3":"status-publish","4":"has-post-thumbnail","6":"product_brand-nockebyhovs-blommor","7":"product_cat-begravning","9":"first","10":"instock","11":"taxable","12":"shipping-taxable","13":"purchasable","14":"product-type-variable","15":"has-default-attributes"},"_links":{"self":[{"href":"https:\/\/nockebyhovsblommor.se\/en\/wp-json\/wp\/v2\/product\/9562","targetHints":{"allow":["GET"]}}],"collection":[{"href":"https:\/\/nockebyhovsblommor.se\/en\/wp-json\/wp\/v2\/product"}],"about":[{"href":"https:\/\/nockebyhovsblommor.se\/en\/wp-json\/wp\/v2\/types\/product"}],"wp:featuredmedia":[{"embeddable":true,"href":"https:\/\/nockebyhovsblommor.se\/en\/wp-json\/wp\/v2\/media\/6357"}],"wp:attachment":[{"href":"https:\/\/nockebyhovsblommor.se\/en\/wp-json\/wp\/v2\/media?parent=9562"}],"wp:term":[{"taxonomy":"product_brand","embeddable":true,"href":"https:\/\/nockebyhovsblommor.se\/en\/wp-json\/wp\/v2\/product_brand?post=9562"},{"taxonomy":"product_cat","embeddable":true,"href":"https:\/\/nockebyhovsblommor.se\/en\/wp-json\/wp\/v2\/product_cat?post=9562"},{"taxonomy":"product_tag","embeddable":true,"href":"https:\/\/nockebyhovsblommor.se\/en\/wp-json\/wp\/v2\/product_tag?post=9562"}],"curies":[{"name":"wp","href":"https:\/\/api.w.org\/{rel}","templated":true}]}}