{"id":9390,"date":"2026-03-23T10:13:32","date_gmt":"2026-03-23T09:13:32","guid":{"rendered":"https:\/\/nockebyhovsblommor.se\/?post_type=product&#038;p=9390"},"modified":"2026-05-07T20:55:09","modified_gmt":"2026-05-07T18:55:09","slug":"brudsloja-rosor","status":"publish","type":"product","link":"https:\/\/nockebyhovsblommor.se\/en\/product\/brudsloja-rosor\/","title":{"rendered":"Bridal veil for roses"},"content":{"rendered":"","protected":false},"excerpt":{"rendered":"<p class=\"font-claude-response-body break-words whitespace-normal leading-[1.7]\">Ge buketten en extra lyxig k\u00e4nsla \u2013 l\u00e4gg till brudsl\u00f6ja som mjukt ramar in rosorna och lyfter hela arrangemanget.<em> G\u00e5r endast att best\u00e4lla tillsammans med rosor.<\/em><\/p>\n","protected":false},"featured_media":9396,"template":"","meta":[],"product_brand":[173],"product_cat":[177,124],"product_tag":[],"class_list":{"0":"post-9390","1":"product","2":"type-product","3":"status-publish","4":"has-post-thumbnail","6":"product_brand-nockebyhovs-blommor","7":"product_cat-brudsloja","8":"product_cat-rosor","10":"first","11":"instock","12":"taxable","13":"shipping-taxable","14":"purchasable","15":"product-type-simple"},"_links":{"self":[{"href":"https:\/\/nockebyhovsblommor.se\/en\/wp-json\/wp\/v2\/product\/9390","targetHints":{"allow":["GET"]}}],"collection":[{"href":"https:\/\/nockebyhovsblommor.se\/en\/wp-json\/wp\/v2\/product"}],"about":[{"href":"https:\/\/nockebyhovsblommor.se\/en\/wp-json\/wp\/v2\/types\/product"}],"wp:featuredmedia":[{"embeddable":true,"href":"https:\/\/nockebyhovsblommor.se\/en\/wp-json\/wp\/v2\/media\/9396"}],"wp:attachment":[{"href":"https:\/\/nockebyhovsblommor.se\/en\/wp-json\/wp\/v2\/media?parent=9390"}],"wp:term":[{"taxonomy":"product_brand","embeddable":true,"href":"https:\/\/nockebyhovsblommor.se\/en\/wp-json\/wp\/v2\/product_brand?post=9390"},{"taxonomy":"product_cat","embeddable":true,"href":"https:\/\/nockebyhovsblommor.se\/en\/wp-json\/wp\/v2\/product_cat?post=9390"},{"taxonomy":"product_tag","embeddable":true,"href":"https:\/\/nockebyhovsblommor.se\/en\/wp-json\/wp\/v2\/product_tag?post=9390"}],"curies":[{"name":"wp","href":"https:\/\/api.w.org\/{rel}","templated":true}]}}