{"id":8644,"date":"2026-03-04T08:47:37","date_gmt":"2026-03-04T07:47:37","guid":{"rendered":"https:\/\/nockebyhovsblommor.se\/?post_type=product&#038;p=8644"},"modified":"2026-03-23T16:03:07","modified_gmt":"2026-03-23T15:03:07","slug":"10-rosor","status":"publish","type":"product","link":"https:\/\/nockebyhovsblommor.se\/en\/product\/10-rosor\/","title":{"rendered":"10 roses"},"content":{"rendered":"","protected":false},"excerpt":{"rendered":"<p class=\"font-claude-response-body break-words whitespace-normal leading-[1.7]\">Vackra rosor i ditt val av f\u00e4rg. Passar som k\u00e4rleksgest, f\u00f6delsdagspresent eller bara f\u00f6r att visa n\u00e5gon att du t\u00e4nker p\u00e5 dem. Vill du ge buketten en extra lyxig k\u00e4nsla? L\u00e4gg till en brudsl\u00f6ja som mjukt ramar in rosorna och lyfter hela arrangemanget.<\/p>\n","protected":false},"featured_media":8695,"template":"","meta":[],"product_brand":[173],"product_cat":[87,178,124],"product_tag":[],"class_list":{"0":"post-8644","1":"product","2":"type-product","3":"status-publish","4":"has-post-thumbnail","6":"product_brand-nockebyhovs-blommor","7":"product_cat-buketter","8":"product_cat-popular","9":"product_cat-rosor","11":"first","12":"instock","13":"taxable","14":"shipping-taxable","15":"purchasable","16":"product-type-variable","17":"has-default-attributes"},"_links":{"self":[{"href":"https:\/\/nockebyhovsblommor.se\/en\/wp-json\/wp\/v2\/product\/8644","targetHints":{"allow":["GET"]}}],"collection":[{"href":"https:\/\/nockebyhovsblommor.se\/en\/wp-json\/wp\/v2\/product"}],"about":[{"href":"https:\/\/nockebyhovsblommor.se\/en\/wp-json\/wp\/v2\/types\/product"}],"wp:featuredmedia":[{"embeddable":true,"href":"https:\/\/nockebyhovsblommor.se\/en\/wp-json\/wp\/v2\/media\/8695"}],"wp:attachment":[{"href":"https:\/\/nockebyhovsblommor.se\/en\/wp-json\/wp\/v2\/media?parent=8644"}],"wp:term":[{"taxonomy":"product_brand","embeddable":true,"href":"https:\/\/nockebyhovsblommor.se\/en\/wp-json\/wp\/v2\/product_brand?post=8644"},{"taxonomy":"product_cat","embeddable":true,"href":"https:\/\/nockebyhovsblommor.se\/en\/wp-json\/wp\/v2\/product_cat?post=8644"},{"taxonomy":"product_tag","embeddable":true,"href":"https:\/\/nockebyhovsblommor.se\/en\/wp-json\/wp\/v2\/product_tag?post=8644"}],"curies":[{"name":"wp","href":"https:\/\/api.w.org\/{rel}","templated":true}]}}